{"id":6401,"date":"2021-05-17T10:33:50","date_gmt":"2021-05-17T10:33:50","guid":{"rendered":"https:\/\/optiserve.nl\/sobre-nosotros\/missie\/"},"modified":"2021-10-11T12:35:55","modified_gmt":"2021-10-11T12:35:55","slug":"mision","status":"publish","type":"page","link":"https:\/\/optiserve.nl\/es\/sobre-nosotros\/mision\/","title":{"rendered":"Misi\u00f3n"},"content":{"rendered":"\t\t<div data-elementor-type=\"wp-page\" data-elementor-id=\"6401\" class=\"elementor elementor-6401 elementor-1510\" data-elementor-post-type=\"page\">\n\t\t\t\t\t\t<section class=\"elementor-section elementor-top-section elementor-element elementor-element-1b35b1c5 elementor-section-height-min-height elementor-section-boxed elementor-section-height-default elementor-section-items-middle\" data-id=\"1b35b1c5\" data-element_type=\"section\" data-e-type=\"section\">\n\t\t\t\t\t\t<div class=\"elementor-container elementor-column-gap-default\">\n\t\t\t\t\t<div class=\"elementor-column elementor-col-50 elementor-top-column elementor-element elementor-element-4c69f8d9\" data-id=\"4c69f8d9\" data-element_type=\"column\" data-e-type=\"column\">\n\t\t\t<div class=\"elementor-widget-wrap elementor-element-populated\">\n\t\t\t\t\t\t<div class=\"elementor-element elementor-element-4334b4ab dce_masking-none elementor-widget elementor-widget-image\" data-id=\"4334b4ab\" data-element_type=\"widget\" data-e-type=\"widget\" data-widget_type=\"image.default\">\n\t\t\t\t<div class=\"elementor-widget-container\">\n\t\t\t\t\t\t\t\t\t\t\t\t\t\t\t<img decoding=\"async\" src=\"https:\/\/optiserve.nl\/wp-content\/uploads\/2021\/07\/Mentall_OptiServe_2021-54-scaled-1.jpg\" title=\"\" alt=\"\" loading=\"lazy\" \/>\t\t\t\t\t\t\t\t\t\t\t\t\t\t\t<\/div>\n\t\t\t\t<\/div>\n\t\t\t\t\t<\/div>\n\t\t<\/div>\n\t\t\t\t<div class=\"elementor-column elementor-col-50 elementor-top-column elementor-element elementor-element-1565cbe\" data-id=\"1565cbe\" data-element_type=\"column\" data-e-type=\"column\">\n\t\t\t<div class=\"elementor-widget-wrap elementor-element-populated\">\n\t\t\t\t\t\t<div class=\"elementor-element elementor-element-30f98772 elementor-widget elementor-widget-heading\" data-id=\"30f98772\" data-element_type=\"widget\" data-e-type=\"widget\" data-widget_type=\"heading.default\">\n\t\t\t\t<div class=\"elementor-widget-container\">\n\t\t\t\t\t<h2 class=\"elementor-heading-title elementor-size-default\">Motivaci\u00f3n de OptiServe<\/h2>\t\t\t\t<\/div>\n\t\t\t\t<\/div>\n\t\t\t\t<div class=\"elementor-element elementor-element-22d0a26 elementor-widget elementor-widget-text-editor\" data-id=\"22d0a26\" data-element_type=\"widget\" data-e-type=\"widget\" data-widget_type=\"text-editor.default\">\n\t\t\t\t<div class=\"elementor-widget-container\">\n\t\t\t\t\t\t\t\t\t<p>La innovaci\u00f3n es la esencia de OptiServe. A largo plazo, llegaremos m\u00e1s lejos y continuaremos optimizando las posibilidades de clasificaci\u00f3n, siempre con vistas a la sostenibilidad, la eficiencia y el m\u00e1ximo rendimiento.\u00a0<\/p>\t\t\t\t\t\t\t\t<\/div>\n\t\t\t\t<\/div>\n\t\t\t\t\t<\/div>\n\t\t<\/div>\n\t\t\t\t\t<\/div>\n\t\t<\/section>\n\t\t\t\t<section data-dce-background-overlay-color=\"#009887\" data-dce-background-image-url=\"https:\/\/optiserve.nl\/wp-content\/uploads\/2021\/04\/machinery-in-factory-P7RWDVQ-scaled.jpg\" class=\"elementor-section elementor-top-section elementor-element elementor-element-5cf15e33 elementor-section-height-min-height elementor-section-items-top elementor-section-content-top elementor-section-boxed elementor-section-height-default\" data-id=\"5cf15e33\" data-element_type=\"section\" data-e-type=\"section\" data-settings=\"{&quot;background_background&quot;:&quot;classic&quot;}\">\n\t\t\t\t\t\t\t<div class=\"elementor-background-overlay\"><\/div>\n\t\t\t\t\t\t\t<div class=\"elementor-container elementor-column-gap-no\">\n\t\t\t\t\t<div class=\"elementor-column elementor-col-100 elementor-top-column elementor-element elementor-element-527cf088\" data-id=\"527cf088\" data-element_type=\"column\" data-e-type=\"column\" data-settings=\"{&quot;background_background&quot;:&quot;classic&quot;}\">\n\t\t\t<div class=\"elementor-widget-wrap elementor-element-populated\">\n\t\t\t\t\t\t<section class=\"elementor-section elementor-inner-section elementor-element elementor-element-6d0837d0 elementor-section-boxed elementor-section-height-default elementor-section-height-default\" data-id=\"6d0837d0\" data-element_type=\"section\" data-e-type=\"section\" data-settings=\"{&quot;background_background&quot;:&quot;classic&quot;}\">\n\t\t\t\t\t\t<div class=\"elementor-container elementor-column-gap-no\">\n\t\t\t\t\t<div class=\"elementor-column elementor-col-50 elementor-inner-column elementor-element elementor-element-57f4be59\" data-id=\"57f4be59\" data-element_type=\"column\" data-e-type=\"column\">\n\t\t\t<div class=\"elementor-widget-wrap elementor-element-populated\">\n\t\t\t\t\t\t<div class=\"elementor-element elementor-element-4be8f21e elementor-invisible elementor-widget elementor-widget-heading\" data-id=\"4be8f21e\" data-element_type=\"widget\" data-e-type=\"widget\" data-settings=\"{&quot;_animation&quot;:&quot;fadeInUp&quot;}\" data-widget_type=\"heading.default\">\n\t\t\t\t<div class=\"elementor-widget-container\">\n\t\t\t\t\t<h2 class=\"elementor-heading-title elementor-size-default\">Hacia el futuro<\/h2>\t\t\t\t<\/div>\n\t\t\t\t<\/div>\n\t\t\t\t<div class=\"elementor-element elementor-element-e69a3d6 elementor-widget elementor-widget-text-editor\" data-id=\"e69a3d6\" data-element_type=\"widget\" data-e-type=\"widget\" data-widget_type=\"text-editor.default\">\n\t\t\t\t<div class=\"elementor-widget-container\">\n\t\t\t\t\t\t\t\t\t<p>OptiServe contin\u00faa investigando nuevas y avanzadas posibilidades de clasificaci\u00f3n como, por ejemplo, la t\u00e9cnica de infrarrojos que no solo distingue las caracter\u00edsticas visuales, sino que tambi\u00e9n puede reconocer las sustancias del contenido y distribuirlas en categor\u00edas.<\/p>\t\t\t\t\t\t\t\t<\/div>\n\t\t\t\t<\/div>\n\t\t\t\t<div class=\"elementor-element elementor-element-26b8656 elementor-widget elementor-widget-button\" data-id=\"26b8656\" data-element_type=\"widget\" data-e-type=\"widget\" data-widget_type=\"button.default\">\n\t\t\t\t<div class=\"elementor-widget-container\">\n\t\t\t\t\t\t\t\t\t<div class=\"elementor-button-wrapper\">\n\t\t\t\t\t<a class=\"elementor-button elementor-button-link elementor-size-sm\" href=\"https:\/\/optiserve.nl\/es\/empleo\/\">\n\t\t\t\t\t\t<span class=\"elementor-button-content-wrapper\">\n\t\t\t\t\t\t\t\t\t<span class=\"elementor-button-text\">\u00bfQuieres trabajar en OptiServe?<\/span>\n\t\t\t\t\t<\/span>\n\t\t\t\t\t<\/a>\n\t\t\t\t<\/div>\n\t\t\t\t\t\t\t\t<\/div>\n\t\t\t\t<\/div>\n\t\t\t\t\t<\/div>\n\t\t<\/div>\n\t\t\t\t<div class=\"elementor-column elementor-col-50 elementor-inner-column elementor-element elementor-element-1ad7abac\" data-id=\"1ad7abac\" data-element_type=\"column\" data-e-type=\"column\">\n\t\t\t<div class=\"elementor-widget-wrap elementor-element-populated\">\n\t\t\t\t\t\t<div class=\"elementor-element elementor-element-3b503819 dce_masking-none elementor-invisible elementor-widget elementor-widget-image\" data-id=\"3b503819\" data-element_type=\"widget\" data-e-type=\"widget\" data-settings=\"{&quot;_animation&quot;:&quot;fadeInLeft&quot;}\" data-widget_type=\"image.default\">\n\t\t\t\t<div class=\"elementor-widget-container\">\n\t\t\t\t\t\t\t\t\t\t\t\t\t\t\t<img fetchpriority=\"high\" decoding=\"async\" width=\"2560\" height=\"1440\" src=\"https:\/\/optiserve.nl\/wp-content\/uploads\/2021\/06\/Mentall_OptiServe_Missie2-scaled.jpg\" class=\"attachment-full size-full wp-image-6403\" alt=\"\" srcset=\"https:\/\/optiserve.nl\/wp-content\/uploads\/2021\/06\/Mentall_OptiServe_Missie2-scaled.jpg 2560w, https:\/\/optiserve.nl\/wp-content\/uploads\/2021\/06\/Mentall_OptiServe_Missie2-300x169.jpg 300w, https:\/\/optiserve.nl\/wp-content\/uploads\/2021\/06\/Mentall_OptiServe_Missie2-1024x576.jpg 1024w, https:\/\/optiserve.nl\/wp-content\/uploads\/2021\/06\/Mentall_OptiServe_Missie2-768x432.jpg 768w, https:\/\/optiserve.nl\/wp-content\/uploads\/2021\/06\/Mentall_OptiServe_Missie2-1536x864.jpg 1536w, https:\/\/optiserve.nl\/wp-content\/uploads\/2021\/06\/Mentall_OptiServe_Missie2-2048x1152.jpg 2048w\" sizes=\"(max-width: 2560px) 100vw, 2560px\" \/>\t\t\t\t\t\t\t\t\t\t\t\t\t\t\t<\/div>\n\t\t\t\t<\/div>\n\t\t\t\t\t<\/div>\n\t\t<\/div>\n\t\t\t\t\t<\/div>\n\t\t<\/section>\n\t\t\t\t<div class=\"elementor-element elementor-element-53cea0d7 elementor-widget elementor-widget-heading\" data-id=\"53cea0d7\" data-element_type=\"widget\" data-e-type=\"widget\" data-widget_type=\"heading.default\">\n\t\t\t\t<div class=\"elementor-widget-container\">\n\t\t\t\t\t<h2 class=\"elementor-heading-title elementor-size-default\">\u00bfBusca usted m\u00e1s informaci\u00f3n o desea una demostraci\u00f3n?<\/h2>\t\t\t\t<\/div>\n\t\t\t\t<\/div>\n\t\t\t\t<div class=\"elementor-element elementor-element-657f4fef elementor-align-center elementor-button-info elementor-widget elementor-widget-button\" data-id=\"657f4fef\" data-element_type=\"widget\" data-e-type=\"widget\" data-widget_type=\"button.default\">\n\t\t\t\t<div class=\"elementor-widget-container\">\n\t\t\t\t\t\t\t\t\t<div class=\"elementor-button-wrapper\">\n\t\t\t\t\t<a class=\"elementor-button elementor-button-link elementor-size-xs\" href=\"https:\/\/optiserve.nl\/es\/contacto\/\">\n\t\t\t\t\t\t<span class=\"elementor-button-content-wrapper\">\n\t\t\t\t\t\t\t\t\t<span class=\"elementor-button-text\">P\u00d3NGASE EN CONTACTO CON<\/span>\n\t\t\t\t\t<\/span>\n\t\t\t\t\t<\/a>\n\t\t\t\t<\/div>\n\t\t\t\t\t\t\t\t<\/div>\n\t\t\t\t<\/div>\n\t\t\t\t\t<\/div>\n\t\t<\/div>\n\t\t\t\t\t<\/div>\n\t\t<\/section>\n\t\t\t\t<\/div>\n\t\t","protected":false},"excerpt":{"rendered":"<p>Motivaci\u00f3n de OptiServe La innovaci\u00f3n es la esencia de OptiServe. A largo plazo, llegaremos m\u00e1s lejos y continuaremos optimizando las posibilidades de clasificaci\u00f3n, siempre con vistas a la sostenibilidad, la eficiencia y el m\u00e1ximo rendimiento.\u00a0 Hacia el futuro OptiServe contin\u00faa investigando nuevas y avanzadas posibilidades de clasificaci\u00f3n como, por ejemplo, la t\u00e9cnica de infrarrojos que [&hellip;]<\/p>\n","protected":false},"author":1,"featured_media":6403,"parent":6391,"menu_order":0,"comment_status":"closed","ping_status":"closed","template":"","meta":{"_acf_changed":false,"footnotes":""},"class_list":["post-6401","page","type-page","status-publish","has-post-thumbnail","hentry"],"acf":[],"yoast_head":"<!-- This site is optimized with the Yoast SEO plugin v27.6 - https:\/\/yoast.com\/product\/yoast-seo-wordpress\/ -->\n<title>Optimaci\u00f3n e innovaci\u00f3n en las posibilidades de clasificaci\u00f3n avanzada |\u00a0OptiServe<\/title>\n<meta name=\"description\" content=\"La innovaci\u00f3n es la esencia de OptiServe. A largo plazo, llegaremos m\u00e1s lejos y continuaremos optimizando las posibilidades de clasificaci\u00f3n, siempre con vistas a la sostenibilidad, la eficiencia y el m\u00e1ximo rendimiento.\" \/>\n<meta name=\"robots\" content=\"index, follow, max-snippet:-1, max-image-preview:large, max-video-preview:-1\" \/>\n<link rel=\"canonical\" href=\"https:\/\/optiserve.nl\/es\/sobre-nosotros\/mision\/\" \/>\n<meta property=\"og:locale\" content=\"es_ES\" \/>\n<meta property=\"og:type\" content=\"article\" \/>\n<meta property=\"og:title\" content=\"Optimaci\u00f3n e innovaci\u00f3n en las posibilidades de clasificaci\u00f3n avanzada |\u00a0OptiServe\" \/>\n<meta property=\"og:description\" content=\"La innovaci\u00f3n es la esencia de OptiServe. A largo plazo, llegaremos m\u00e1s lejos y continuaremos optimizando las posibilidades de clasificaci\u00f3n, siempre con vistas a la sostenibilidad, la eficiencia y el m\u00e1ximo rendimiento.\" \/>\n<meta property=\"og:url\" content=\"https:\/\/optiserve.nl\/es\/sobre-nosotros\/mision\/\" \/>\n<meta property=\"og:site_name\" content=\"OptiServe\" \/>\n<meta property=\"article:modified_time\" content=\"2021-10-11T12:35:55+00:00\" \/>\n<meta property=\"og:image\" content=\"https:\/\/optiserve.nl\/wp-content\/uploads\/2021\/06\/Mentall_OptiServe_Missie2-scaled.jpg\" \/>\n\t<meta property=\"og:image:width\" content=\"2560\" \/>\n\t<meta property=\"og:image:height\" content=\"1440\" \/>\n\t<meta property=\"og:image:type\" content=\"image\/jpeg\" \/>\n<meta name=\"twitter:card\" content=\"summary_large_image\" \/>\n<meta name=\"twitter:label1\" content=\"Tiempo de lectura\" \/>\n\t<meta name=\"twitter:data1\" content=\"1 minuto\" \/>\n<script type=\"application\/ld+json\" class=\"yoast-schema-graph\">{\"@context\":\"https:\\\/\\\/schema.org\",\"@graph\":[{\"@type\":\"WebPage\",\"@id\":\"https:\\\/\\\/optiserve.nl\\\/es\\\/sobre-nosotros\\\/mision\\\/\",\"url\":\"https:\\\/\\\/optiserve.nl\\\/es\\\/sobre-nosotros\\\/mision\\\/\",\"name\":\"Optimaci\u00f3n e innovaci\u00f3n en las posibilidades de clasificaci\u00f3n avanzada |\u00a0OptiServe\",\"isPartOf\":{\"@id\":\"https:\\\/\\\/optiserve.nl\\\/es\\\/#website\"},\"primaryImageOfPage\":{\"@id\":\"https:\\\/\\\/optiserve.nl\\\/es\\\/sobre-nosotros\\\/mision\\\/#primaryimage\"},\"image\":{\"@id\":\"https:\\\/\\\/optiserve.nl\\\/es\\\/sobre-nosotros\\\/mision\\\/#primaryimage\"},\"thumbnailUrl\":\"https:\\\/\\\/optiserve.nl\\\/wp-content\\\/uploads\\\/2021\\\/06\\\/Mentall_OptiServe_Missie2-scaled.jpg\",\"datePublished\":\"2021-05-17T10:33:50+00:00\",\"dateModified\":\"2021-10-11T12:35:55+00:00\",\"description\":\"La innovaci\u00f3n es la esencia de OptiServe. A largo plazo, llegaremos m\u00e1s lejos y continuaremos optimizando las posibilidades de clasificaci\u00f3n, siempre con vistas a la sostenibilidad, la eficiencia y el m\u00e1ximo rendimiento.\",\"breadcrumb\":{\"@id\":\"https:\\\/\\\/optiserve.nl\\\/es\\\/sobre-nosotros\\\/mision\\\/#breadcrumb\"},\"inLanguage\":\"es\",\"potentialAction\":[{\"@type\":\"ReadAction\",\"target\":[\"https:\\\/\\\/optiserve.nl\\\/es\\\/sobre-nosotros\\\/mision\\\/\"]}]},{\"@type\":\"ImageObject\",\"inLanguage\":\"es\",\"@id\":\"https:\\\/\\\/optiserve.nl\\\/es\\\/sobre-nosotros\\\/mision\\\/#primaryimage\",\"url\":\"https:\\\/\\\/optiserve.nl\\\/wp-content\\\/uploads\\\/2021\\\/06\\\/Mentall_OptiServe_Missie2-scaled.jpg\",\"contentUrl\":\"https:\\\/\\\/optiserve.nl\\\/wp-content\\\/uploads\\\/2021\\\/06\\\/Mentall_OptiServe_Missie2-scaled.jpg\",\"width\":2560,\"height\":1440},{\"@type\":\"BreadcrumbList\",\"@id\":\"https:\\\/\\\/optiserve.nl\\\/es\\\/sobre-nosotros\\\/mision\\\/#breadcrumb\",\"itemListElement\":[{\"@type\":\"ListItem\",\"position\":1,\"name\":\"Home\",\"item\":\"https:\\\/\\\/optiserve.nl\\\/es\\\/\"},{\"@type\":\"ListItem\",\"position\":2,\"name\":\"Sobre nosotros\",\"item\":\"https:\\\/\\\/optiserve.nl\\\/es\\\/sobre-nosotros\\\/\"},{\"@type\":\"ListItem\",\"position\":3,\"name\":\"Misi\u00f3n\"}]},{\"@type\":\"WebSite\",\"@id\":\"https:\\\/\\\/optiserve.nl\\\/es\\\/#website\",\"url\":\"https:\\\/\\\/optiserve.nl\\\/es\\\/\",\"name\":\"OptiServe\",\"description\":\"Innovative Sorting Solutions\",\"publisher\":{\"@id\":\"https:\\\/\\\/optiserve.nl\\\/es\\\/#organization\"},\"potentialAction\":[{\"@type\":\"SearchAction\",\"target\":{\"@type\":\"EntryPoint\",\"urlTemplate\":\"https:\\\/\\\/optiserve.nl\\\/es\\\/?s={search_term_string}\"},\"query-input\":{\"@type\":\"PropertyValueSpecification\",\"valueRequired\":true,\"valueName\":\"search_term_string\"}}],\"inLanguage\":\"es\"},{\"@type\":\"Organization\",\"@id\":\"https:\\\/\\\/optiserve.nl\\\/es\\\/#organization\",\"name\":\"OptiServe\",\"url\":\"https:\\\/\\\/optiserve.nl\\\/es\\\/\",\"logo\":{\"@type\":\"ImageObject\",\"inLanguage\":\"es\",\"@id\":\"https:\\\/\\\/optiserve.nl\\\/es\\\/#\\\/schema\\\/logo\\\/image\\\/\",\"url\":\"https:\\\/\\\/optiserve.nl\\\/wp-content\\\/uploads\\\/2021\\\/09\\\/MENTALL_OPTISERVE_LOGO_FINAL_ORIGINEEL_VERTICAAL.jpg\",\"contentUrl\":\"https:\\\/\\\/optiserve.nl\\\/wp-content\\\/uploads\\\/2021\\\/09\\\/MENTALL_OPTISERVE_LOGO_FINAL_ORIGINEEL_VERTICAAL.jpg\",\"width\":1676,\"height\":1290,\"caption\":\"OptiServe\"},\"image\":{\"@id\":\"https:\\\/\\\/optiserve.nl\\\/es\\\/#\\\/schema\\\/logo\\\/image\\\/\"}}]}<\/script>\n<!-- \/ Yoast SEO plugin. -->","yoast_head_json":{"title":"Optimaci\u00f3n e innovaci\u00f3n en las posibilidades de clasificaci\u00f3n avanzada |\u00a0OptiServe","description":"La innovaci\u00f3n es la esencia de OptiServe. A largo plazo, llegaremos m\u00e1s lejos y continuaremos optimizando las posibilidades de clasificaci\u00f3n, siempre con vistas a la sostenibilidad, la eficiencia y el m\u00e1ximo rendimiento.","robots":{"index":"index","follow":"follow","max-snippet":"max-snippet:-1","max-image-preview":"max-image-preview:large","max-video-preview":"max-video-preview:-1"},"canonical":"https:\/\/optiserve.nl\/es\/sobre-nosotros\/mision\/","og_locale":"es_ES","og_type":"article","og_title":"Optimaci\u00f3n e innovaci\u00f3n en las posibilidades de clasificaci\u00f3n avanzada |\u00a0OptiServe","og_description":"La innovaci\u00f3n es la esencia de OptiServe. A largo plazo, llegaremos m\u00e1s lejos y continuaremos optimizando las posibilidades de clasificaci\u00f3n, siempre con vistas a la sostenibilidad, la eficiencia y el m\u00e1ximo rendimiento.","og_url":"https:\/\/optiserve.nl\/es\/sobre-nosotros\/mision\/","og_site_name":"OptiServe","article_modified_time":"2021-10-11T12:35:55+00:00","og_image":[{"width":2560,"height":1440,"url":"https:\/\/optiserve.nl\/wp-content\/uploads\/2021\/06\/Mentall_OptiServe_Missie2-scaled.jpg","type":"image\/jpeg"}],"twitter_card":"summary_large_image","twitter_misc":{"Tiempo de lectura":"1 minuto"},"schema":{"@context":"https:\/\/schema.org","@graph":[{"@type":"WebPage","@id":"https:\/\/optiserve.nl\/es\/sobre-nosotros\/mision\/","url":"https:\/\/optiserve.nl\/es\/sobre-nosotros\/mision\/","name":"Optimaci\u00f3n e innovaci\u00f3n en las posibilidades de clasificaci\u00f3n avanzada |\u00a0OptiServe","isPartOf":{"@id":"https:\/\/optiserve.nl\/es\/#website"},"primaryImageOfPage":{"@id":"https:\/\/optiserve.nl\/es\/sobre-nosotros\/mision\/#primaryimage"},"image":{"@id":"https:\/\/optiserve.nl\/es\/sobre-nosotros\/mision\/#primaryimage"},"thumbnailUrl":"https:\/\/optiserve.nl\/wp-content\/uploads\/2021\/06\/Mentall_OptiServe_Missie2-scaled.jpg","datePublished":"2021-05-17T10:33:50+00:00","dateModified":"2021-10-11T12:35:55+00:00","description":"La innovaci\u00f3n es la esencia de OptiServe. A largo plazo, llegaremos m\u00e1s lejos y continuaremos optimizando las posibilidades de clasificaci\u00f3n, siempre con vistas a la sostenibilidad, la eficiencia y el m\u00e1ximo rendimiento.","breadcrumb":{"@id":"https:\/\/optiserve.nl\/es\/sobre-nosotros\/mision\/#breadcrumb"},"inLanguage":"es","potentialAction":[{"@type":"ReadAction","target":["https:\/\/optiserve.nl\/es\/sobre-nosotros\/mision\/"]}]},{"@type":"ImageObject","inLanguage":"es","@id":"https:\/\/optiserve.nl\/es\/sobre-nosotros\/mision\/#primaryimage","url":"https:\/\/optiserve.nl\/wp-content\/uploads\/2021\/06\/Mentall_OptiServe_Missie2-scaled.jpg","contentUrl":"https:\/\/optiserve.nl\/wp-content\/uploads\/2021\/06\/Mentall_OptiServe_Missie2-scaled.jpg","width":2560,"height":1440},{"@type":"BreadcrumbList","@id":"https:\/\/optiserve.nl\/es\/sobre-nosotros\/mision\/#breadcrumb","itemListElement":[{"@type":"ListItem","position":1,"name":"Home","item":"https:\/\/optiserve.nl\/es\/"},{"@type":"ListItem","position":2,"name":"Sobre nosotros","item":"https:\/\/optiserve.nl\/es\/sobre-nosotros\/"},{"@type":"ListItem","position":3,"name":"Misi\u00f3n"}]},{"@type":"WebSite","@id":"https:\/\/optiserve.nl\/es\/#website","url":"https:\/\/optiserve.nl\/es\/","name":"OptiServe","description":"Innovative Sorting Solutions","publisher":{"@id":"https:\/\/optiserve.nl\/es\/#organization"},"potentialAction":[{"@type":"SearchAction","target":{"@type":"EntryPoint","urlTemplate":"https:\/\/optiserve.nl\/es\/?s={search_term_string}"},"query-input":{"@type":"PropertyValueSpecification","valueRequired":true,"valueName":"search_term_string"}}],"inLanguage":"es"},{"@type":"Organization","@id":"https:\/\/optiserve.nl\/es\/#organization","name":"OptiServe","url":"https:\/\/optiserve.nl\/es\/","logo":{"@type":"ImageObject","inLanguage":"es","@id":"https:\/\/optiserve.nl\/es\/#\/schema\/logo\/image\/","url":"https:\/\/optiserve.nl\/wp-content\/uploads\/2021\/09\/MENTALL_OPTISERVE_LOGO_FINAL_ORIGINEEL_VERTICAAL.jpg","contentUrl":"https:\/\/optiserve.nl\/wp-content\/uploads\/2021\/09\/MENTALL_OPTISERVE_LOGO_FINAL_ORIGINEEL_VERTICAAL.jpg","width":1676,"height":1290,"caption":"OptiServe"},"image":{"@id":"https:\/\/optiserve.nl\/es\/#\/schema\/logo\/image\/"}}]}},"_links":{"self":[{"href":"https:\/\/optiserve.nl\/es\/wp-json\/wp\/v2\/pages\/6401","targetHints":{"allow":["GET"]}}],"collection":[{"href":"https:\/\/optiserve.nl\/es\/wp-json\/wp\/v2\/pages"}],"about":[{"href":"https:\/\/optiserve.nl\/es\/wp-json\/wp\/v2\/types\/page"}],"author":[{"embeddable":true,"href":"https:\/\/optiserve.nl\/es\/wp-json\/wp\/v2\/users\/1"}],"replies":[{"embeddable":true,"href":"https:\/\/optiserve.nl\/es\/wp-json\/wp\/v2\/comments?post=6401"}],"version-history":[{"count":11,"href":"https:\/\/optiserve.nl\/es\/wp-json\/wp\/v2\/pages\/6401\/revisions"}],"predecessor-version":[{"id":6446,"href":"https:\/\/optiserve.nl\/es\/wp-json\/wp\/v2\/pages\/6401\/revisions\/6446"}],"up":[{"embeddable":true,"href":"https:\/\/optiserve.nl\/es\/wp-json\/wp\/v2\/pages\/6391"}],"wp:featuredmedia":[{"embeddable":true,"href":"https:\/\/optiserve.nl\/es\/wp-json\/wp\/v2\/media\/6403"}],"wp:attachment":[{"href":"https:\/\/optiserve.nl\/es\/wp-json\/wp\/v2\/media?parent=6401"}],"curies":[{"name":"wp","href":"https:\/\/api.w.org\/{rel}","templated":true}]}}